{"id":9441,"date":"2023-01-18T17:00:04","date_gmt":"2023-01-18T16:00:04","guid":{"rendered":"https:\/\/www.polimoda.com\/carriera\/business-links\/"},"modified":"2023-05-15T00:17:05","modified_gmt":"2023-05-14T22:17:05","slug":"career-day","status":"publish","type":"page","link":"https:\/\/www.polimoda.com\/it\/carriera\/servizi-per-aziende\/career-day\/","title":{"rendered":"Career day"},"content":{"rendered":"\t\t<div data-elementor-type=\"wp-page\" data-elementor-id=\"9441\" class=\"elementor elementor-9441 elementor-2436\" data-elementor-post-type=\"page\">\n\t\t\t\t\t\t<section class=\"elementor-section elementor-top-section elementor-element elementor-element-f074a5a elementor-section-boxed elementor-section-height-default elementor-section-height-default\" data-id=\"f074a5a\" data-element_type=\"section\" data-e-type=\"section\">\n\t\t\t\t\t\t<div class=\"elementor-container elementor-column-gap-default\">\n\t\t\t\t\t<div class=\"elementor-column elementor-col-25 elementor-top-column elementor-element elementor-element-bc2c124\" data-id=\"bc2c124\" data-element_type=\"column\" data-e-type=\"column\">\n\t\t\t<div class=\"elementor-widget-wrap\">\n\t\t\t\t\t\t\t<\/div>\n\t\t<\/div>\n\t\t\t\t<div class=\"elementor-column elementor-col-50 elementor-top-column elementor-element elementor-element-7f5eb32\" data-id=\"7f5eb32\" data-element_type=\"column\" data-e-type=\"column\">\n\t\t\t<div class=\"elementor-widget-wrap elementor-element-populated\">\n\t\t\t\t\t\t<div class=\"elementor-element elementor-element-a2878e6 elementor-widget elementor-widget-spacer\" data-id=\"a2878e6\" data-element_type=\"widget\" data-e-type=\"widget\" data-widget_type=\"spacer.default\">\n\t\t\t\t<div class=\"elementor-widget-container\">\n\t\t\t\t\t\t\t<div class=\"elementor-spacer\">\n\t\t\t<div class=\"elementor-spacer-inner\"><\/div>\n\t\t<\/div>\n\t\t\t\t\t\t<\/div>\n\t\t\t\t<\/div>\n\t\t\t\t<div class=\"elementor-element elementor-element-96ba880 elementor-widget elementor-widget-text-editor\" data-id=\"96ba880\" data-element_type=\"widget\" data-e-type=\"widget\" data-widget_type=\"text-editor.default\">\n\t\t\t\t<div class=\"elementor-widget-container\">\n\t\t\t\t\t\t\t\t\t<p>Il binomio studio-lavoro fa parte del DNA Polimoda. Fornisce ai suoi studenti gli strumenti perfetti per poter pensare e creare come veri professionisti ed essere subito pronti a confrontarsi con il mondo del lavoro.<\/p>\n\t\t\t\t\t\t\t\t<\/div>\n\t\t\t\t<\/div>\n\t\t\t\t<div class=\"elementor-element elementor-element-c6ae177 elementor-widget elementor-widget-text-editor\" data-id=\"c6ae177\" data-element_type=\"widget\" data-e-type=\"widget\" data-widget_type=\"text-editor.default\">\n\t\t\t\t<div class=\"elementor-widget-container\">\n\t\t\t\t\t\t\t\t\t<p>Grazie ai Career day e l\u2019evento di giugno Business Links, aziende e professionisti nel campo della moda sono invitati a Polimoda per incontrare ex allievi e studenti diplomandi dei corsi Undergraduate e Master, sia in ambito Design che Business.<\/p>\n<p>I Responsabili delle Risorse Umane delle aziende partecipanti incontrano i candidati preselezionati per esaminare curricula e portfolio e riconoscere nuovi talenti da inserire nel proprio team. Durante i colloqui individuali, ogni studente ha l&#8217;opportunit\u00e0 di presentare s\u00e9 stesso e il proprio lavoro e di essere selezionato per stage e opportunit\u00e0 di lavoro a completamento degli studi.<\/p>\n\t\t\t\t\t\t\t\t<\/div>\n\t\t\t\t<\/div>\n\t\t\t\t<div class=\"elementor-element elementor-element-e93d142 elementor-widget elementor-widget-heading\" data-id=\"e93d142\" data-element_type=\"widget\" data-e-type=\"widget\" data-widget_type=\"heading.default\">\n\t\t\t\t<div class=\"elementor-widget-container\">\n\t\t\t\t\t<h2 class=\"elementor-heading-title elementor-size-default\">Contatti<\/h2>\t\t\t\t<\/div>\n\t\t\t\t<\/div>\n\t\t\t\t<div class=\"elementor-element elementor-element-b814237 elementor-widget elementor-widget-heading\" data-id=\"b814237\" data-element_type=\"widget\" data-e-type=\"widget\" data-widget_type=\"heading.default\">\n\t\t\t\t<div class=\"elementor-widget-container\">\n\t\t\t\t\t<h3 class=\"elementor-heading-title elementor-size-default\">Career &amp; Company Relations Office<\/h3>\t\t\t\t<\/div>\n\t\t\t\t<\/div>\n\t\t\t\t<div class=\"elementor-element elementor-element-16eb923 elementor-widget elementor-widget-text-editor\" data-id=\"16eb923\" data-element_type=\"widget\" data-e-type=\"widget\" data-widget_type=\"text-editor.default\">\n\t\t\t\t<div class=\"elementor-widget-container\">\n\t\t\t\t\t\t\t\t\t<p style=\"font-size: 18px; font-style: normal; font-weight: 400;\">Via Curtatone 1, Firenze<br \/>Dal luned\u00ec al venerd\u00ec: dalle 9:00 alle 17:00<br \/>E-mail: <a href=\"mailto:jobsandcareers@polimoda.com\">jobsandcareers@polimoda.com<\/a><\/p>\n<ul style=\"font-size: 18px; font-style: normal; font-weight: 400;\">\n<li style=\"font-size: 18px;\">Francesca Pierucci, Head of Career &amp; Company Relations<\/li>\n<li style=\"font-size: 18px;\">Silvia Pedali, Career Counselor<\/li>\n<li style=\"font-size: 18px;\">Ilaria Sardelli, Career Counselor<\/li>\n<li style=\"font-size: 18px;\">Virginia Barni, Career Counselor<\/li>\n<\/ul>\n\t\t\t\t\t\t\t\t<\/div>\n\t\t\t\t<\/div>\n\t\t\t\t<div class=\"elementor-element elementor-element-f37300b elementor-widget elementor-widget-spacer\" data-id=\"f37300b\" data-element_type=\"widget\" data-e-type=\"widget\" data-widget_type=\"spacer.default\">\n\t\t\t\t<div class=\"elementor-widget-container\">\n\t\t\t\t\t\t\t<div class=\"elementor-spacer\">\n\t\t\t<div class=\"elementor-spacer-inner\"><\/div>\n\t\t<\/div>\n\t\t\t\t\t\t<\/div>\n\t\t\t\t<\/div>\n\t\t\t\t\t<\/div>\n\t\t<\/div>\n\t\t\t\t<div class=\"elementor-column elementor-col-25 elementor-top-column elementor-element elementor-element-a493759\" data-id=\"a493759\" data-element_type=\"column\" data-e-type=\"column\">\n\t\t\t<div class=\"elementor-widget-wrap\">\n\t\t\t\t\t\t\t<\/div>\n\t\t<\/div>\n\t\t\t\t\t<\/div>\n\t\t<\/section>\n\t\t\t\t<section class=\"elementor-section elementor-top-section elementor-element elementor-element-9e6da77 elementor-section-boxed elementor-section-height-default elementor-section-height-default\" data-id=\"9e6da77\" data-element_type=\"section\" data-e-type=\"section\">\n\t\t\t\t\t\t<div class=\"elementor-container elementor-column-gap-default\">\n\t\t\t\t\t<div class=\"elementor-column elementor-col-100 elementor-top-column elementor-element elementor-element-cdffc62\" data-id=\"cdffc62\" data-element_type=\"column\" data-e-type=\"column\">\n\t\t\t<div class=\"elementor-widget-wrap\">\n\t\t\t\t\t\t\t<\/div>\n\t\t<\/div>\n\t\t\t\t\t<\/div>\n\t\t<\/section>\n\t\t\t\t<\/div>\n\t\t","protected":false},"excerpt":{"rendered":"<p>Il binomio studio-lavoro fa parte del DNA Polimoda. Fornisce ai suoi studenti gli strumenti perfetti per poter pensare e creare come veri professionisti ed essere subito pronti a confrontarsi con il mondo del lavoro. Grazie ai Career day e l\u2019evento di giugno Business Links, aziende e professionisti nel campo della moda sono invitati a Polimoda [&hellip;]<\/p>\n","protected":false},"author":1,"featured_media":11186,"parent":9439,"menu_order":0,"comment_status":"closed","ping_status":"closed","template":"","meta":{"_acf_changed":false,"site-sidebar-layout":"default","site-content-layout":"","ast-site-content-layout":"default","site-content-style":"default","site-sidebar-style":"default","ast-global-header-display":"","ast-banner-title-visibility":"","ast-main-header-display":"","ast-hfb-above-header-display":"","ast-hfb-below-header-display":"","ast-hfb-mobile-header-display":"","site-post-title":"","ast-breadcrumbs-content":"","ast-featured-img":"","footer-sml-layout":"","ast-disable-related-posts":"","theme-transparent-header-meta":"","adv-header-id-meta":"","stick-header-meta":"","header-above-stick-meta":"","header-main-stick-meta":"","header-below-stick-meta":"","astra-migrate-meta-layouts":"default","ast-page-background-enabled":"default","ast-page-background-meta":{"desktop":{"background-color":"var(--ast-global-color-4)","background-image":"","background-repeat":"repeat","background-position":"center center","background-size":"auto","background-attachment":"scroll","background-type":"","background-media":"","overlay-type":"","overlay-color":"","overlay-opacity":"","overlay-gradient":""},"tablet":{"background-color":"","background-image":"","background-repeat":"repeat","background-position":"center center","background-size":"auto","background-attachment":"scroll","background-type":"","background-media":"","overlay-type":"","overlay-color":"","overlay-opacity":"","overlay-gradient":""},"mobile":{"background-color":"","background-image":"","background-repeat":"repeat","background-position":"center center","background-size":"auto","background-attachment":"scroll","background-type":"","background-media":"","overlay-type":"","overlay-color":"","overlay-opacity":"","overlay-gradient":""}},"ast-content-background-meta":{"desktop":{"background-color":"var(--ast-global-color-5)","background-image":"","background-repeat":"repeat","background-position":"center center","background-size":"auto","background-attachment":"scroll","background-type":"","background-media":"","overlay-type":"","overlay-color":"","overlay-opacity":"","overlay-gradient":""},"tablet":{"background-color":"var(--ast-global-color-5)","background-image":"","background-repeat":"repeat","background-position":"center center","background-size":"auto","background-attachment":"scroll","background-type":"","background-media":"","overlay-type":"","overlay-color":"","overlay-opacity":"","overlay-gradient":""},"mobile":{"background-color":"var(--ast-global-color-5)","background-image":"","background-repeat":"repeat","background-position":"center center","background-size":"auto","background-attachment":"scroll","background-type":"","background-media":"","overlay-type":"","overlay-color":"","overlay-opacity":"","overlay-gradient":""}},"footnotes":""},"class_list":["post-9441","page","type-page","status-publish","has-post-thumbnail","hentry"],"acf":[],"yoast_head":"<!-- This site is optimized with the Yoast SEO plugin v27.3 - https:\/\/yoast.com\/product\/yoast-seo-wordpress\/ -->\n<title>Career day | Polimoda Fashion School<\/title>\n<meta name=\"robots\" content=\"index, follow, max-snippet:-1, max-image-preview:large, max-video-preview:-1\" \/>\n<link rel=\"canonical\" href=\"https:\/\/www.polimoda.com\/it\/carriera\/servizi-per-aziende\/career-day\/\" \/>\n<meta property=\"og:locale\" content=\"it_IT\" \/>\n<meta property=\"og:type\" content=\"article\" \/>\n<meta property=\"og:title\" content=\"Career day | Polimoda Fashion School\" \/>\n<meta property=\"og:description\" content=\"Il binomio studio-lavoro fa parte del DNA Polimoda. Fornisce ai suoi studenti gli strumenti perfetti per poter pensare e creare come veri professionisti ed essere subito pronti a confrontarsi con il mondo del lavoro. Grazie ai Career day e l\u2019evento di giugno Business Links, aziende e professionisti nel campo della moda sono invitati a Polimoda [&hellip;]\" \/>\n<meta property=\"og:url\" content=\"https:\/\/www.polimoda.com\/it\/carriera\/servizi-per-aziende\/career-day\/\" \/>\n<meta property=\"og:site_name\" content=\"Polimoda Fashion School\" \/>\n<meta property=\"article:publisher\" content=\"https:\/\/www.facebook.com\/Polimoda\" \/>\n<meta property=\"article:modified_time\" content=\"2023-05-14T22:17:05+00:00\" \/>\n<meta property=\"og:image\" content=\"https:\/\/www.polimoda.com\/wp-content\/uploads\/2023\/04\/business-links-polimoda-2023.jpg\" \/>\n\t<meta property=\"og:image:width\" content=\"1920\" \/>\n\t<meta property=\"og:image:height\" content=\"681\" \/>\n\t<meta property=\"og:image:type\" content=\"image\/jpeg\" \/>\n<meta name=\"twitter:card\" content=\"summary_large_image\" \/>\n<meta name=\"twitter:site\" content=\"@polimoda\" \/>\n<script type=\"application\/ld+json\" class=\"yoast-schema-graph\">{\"@context\":\"https:\\\/\\\/schema.org\",\"@graph\":[{\"@type\":\"WebPage\",\"@id\":\"https:\\\/\\\/www.polimoda.com\\\/it\\\/carriera\\\/servizi-per-aziende\\\/career-day\\\/\",\"url\":\"https:\\\/\\\/www.polimoda.com\\\/it\\\/carriera\\\/servizi-per-aziende\\\/career-day\\\/\",\"name\":\"Career day | Polimoda Fashion School\",\"isPartOf\":{\"@id\":\"https:\\\/\\\/www.polimoda.com\\\/it\\\/#website\"},\"primaryImageOfPage\":{\"@id\":\"https:\\\/\\\/www.polimoda.com\\\/it\\\/carriera\\\/servizi-per-aziende\\\/career-day\\\/#primaryimage\"},\"image\":{\"@id\":\"https:\\\/\\\/www.polimoda.com\\\/it\\\/carriera\\\/servizi-per-aziende\\\/career-day\\\/#primaryimage\"},\"thumbnailUrl\":\"https:\\\/\\\/www.polimoda.com\\\/wp-content\\\/uploads\\\/2023\\\/04\\\/business-links-polimoda-2023.jpg\",\"datePublished\":\"2023-01-18T16:00:04+00:00\",\"dateModified\":\"2023-05-14T22:17:05+00:00\",\"breadcrumb\":{\"@id\":\"https:\\\/\\\/www.polimoda.com\\\/it\\\/carriera\\\/servizi-per-aziende\\\/career-day\\\/#breadcrumb\"},\"inLanguage\":\"it-IT\",\"potentialAction\":[{\"@type\":\"ReadAction\",\"target\":[\"https:\\\/\\\/www.polimoda.com\\\/it\\\/carriera\\\/servizi-per-aziende\\\/career-day\\\/\"]}]},{\"@type\":\"ImageObject\",\"inLanguage\":\"it-IT\",\"@id\":\"https:\\\/\\\/www.polimoda.com\\\/it\\\/carriera\\\/servizi-per-aziende\\\/career-day\\\/#primaryimage\",\"url\":\"https:\\\/\\\/www.polimoda.com\\\/wp-content\\\/uploads\\\/2023\\\/04\\\/business-links-polimoda-2023.jpg\",\"contentUrl\":\"https:\\\/\\\/www.polimoda.com\\\/wp-content\\\/uploads\\\/2023\\\/04\\\/business-links-polimoda-2023.jpg\",\"width\":1920,\"height\":681},{\"@type\":\"BreadcrumbList\",\"@id\":\"https:\\\/\\\/www.polimoda.com\\\/it\\\/carriera\\\/servizi-per-aziende\\\/career-day\\\/#breadcrumb\",\"itemListElement\":[{\"@type\":\"ListItem\",\"position\":1,\"name\":\"Home\",\"item\":\"https:\\\/\\\/www.polimoda.com\\\/it\\\/\"},{\"@type\":\"ListItem\",\"position\":2,\"name\":\"Career\",\"item\":\"https:\\\/\\\/www.polimoda.com\\\/it\\\/career\\\/\"},{\"@type\":\"ListItem\",\"position\":3,\"name\":\"Servizi per Aziende\",\"item\":\"https:\\\/\\\/www.polimoda.com\\\/it\\\/careers\\\/services-for-business\\\/\"},{\"@type\":\"ListItem\",\"position\":4,\"name\":\"Career day\"}]},{\"@type\":\"WebSite\",\"@id\":\"https:\\\/\\\/www.polimoda.com\\\/it\\\/#website\",\"url\":\"https:\\\/\\\/www.polimoda.com\\\/it\\\/\",\"name\":\"Polimoda Fashion School\",\"description\":\"The Fashion School in Florence, Italy\",\"publisher\":{\"@id\":\"https:\\\/\\\/www.polimoda.com\\\/it\\\/#organization\"},\"alternateName\":\"Polimoda\",\"potentialAction\":[{\"@type\":\"SearchAction\",\"target\":{\"@type\":\"EntryPoint\",\"urlTemplate\":\"https:\\\/\\\/www.polimoda.com\\\/it\\\/?s={search_term_string}\"},\"query-input\":{\"@type\":\"PropertyValueSpecification\",\"valueRequired\":true,\"valueName\":\"search_term_string\"}}],\"inLanguage\":\"it-IT\"},{\"@type\":\"Organization\",\"@id\":\"https:\\\/\\\/www.polimoda.com\\\/it\\\/#organization\",\"name\":\"Polimoda Fashion School\",\"alternateName\":\"Polimoda\",\"url\":\"https:\\\/\\\/www.polimoda.com\\\/it\\\/\",\"logo\":{\"@type\":\"ImageObject\",\"inLanguage\":\"it-IT\",\"@id\":\"https:\\\/\\\/www.polimoda.com\\\/it\\\/#\\\/schema\\\/logo\\\/image\\\/\",\"url\":\"https:\\\/\\\/www.polimoda.com\\\/wp-content\\\/uploads\\\/2022\\\/07\\\/logo_polimoda.png\",\"contentUrl\":\"https:\\\/\\\/www.polimoda.com\\\/wp-content\\\/uploads\\\/2022\\\/07\\\/logo_polimoda.png\",\"width\":508,\"height\":132,\"caption\":\"Polimoda Fashion School\"},\"image\":{\"@id\":\"https:\\\/\\\/www.polimoda.com\\\/it\\\/#\\\/schema\\\/logo\\\/image\\\/\"},\"sameAs\":[\"https:\\\/\\\/www.facebook.com\\\/Polimoda\",\"https:\\\/\\\/x.com\\\/polimoda\",\"https:\\\/\\\/www.instagram.com\\\/polimodafirenze\",\"https:\\\/\\\/www.tiktok.com\\\/@polimoda\",\"https:\\\/\\\/open.spotify.com\\\/user\\\/qrqkduirz0hc5ta3wvbs4ikem?si=db886dfc1ff6482c\",\"https:\\\/\\\/www.youtube.com\\\/user\\\/polimodatube\",\"https:\\\/\\\/www.linkedin.com\\\/company\\\/polimoda\"]}]}<\/script>\n<!-- \/ Yoast SEO plugin. -->","yoast_head_json":{"title":"Career day | Polimoda Fashion School","robots":{"index":"index","follow":"follow","max-snippet":"max-snippet:-1","max-image-preview":"max-image-preview:large","max-video-preview":"max-video-preview:-1"},"canonical":"https:\/\/www.polimoda.com\/it\/carriera\/servizi-per-aziende\/career-day\/","og_locale":"it_IT","og_type":"article","og_title":"Career day | Polimoda Fashion School","og_description":"Il binomio studio-lavoro fa parte del DNA Polimoda. Fornisce ai suoi studenti gli strumenti perfetti per poter pensare e creare come veri professionisti ed essere subito pronti a confrontarsi con il mondo del lavoro. Grazie ai Career day e l\u2019evento di giugno Business Links, aziende e professionisti nel campo della moda sono invitati a Polimoda [&hellip;]","og_url":"https:\/\/www.polimoda.com\/it\/carriera\/servizi-per-aziende\/career-day\/","og_site_name":"Polimoda Fashion School","article_publisher":"https:\/\/www.facebook.com\/Polimoda","article_modified_time":"2023-05-14T22:17:05+00:00","og_image":[{"width":1920,"height":681,"url":"https:\/\/www.polimoda.com\/wp-content\/uploads\/2023\/04\/business-links-polimoda-2023.jpg","type":"image\/jpeg"}],"twitter_card":"summary_large_image","twitter_site":"@polimoda","schema":{"@context":"https:\/\/schema.org","@graph":[{"@type":"WebPage","@id":"https:\/\/www.polimoda.com\/it\/carriera\/servizi-per-aziende\/career-day\/","url":"https:\/\/www.polimoda.com\/it\/carriera\/servizi-per-aziende\/career-day\/","name":"Career day | Polimoda Fashion School","isPartOf":{"@id":"https:\/\/www.polimoda.com\/it\/#website"},"primaryImageOfPage":{"@id":"https:\/\/www.polimoda.com\/it\/carriera\/servizi-per-aziende\/career-day\/#primaryimage"},"image":{"@id":"https:\/\/www.polimoda.com\/it\/carriera\/servizi-per-aziende\/career-day\/#primaryimage"},"thumbnailUrl":"https:\/\/www.polimoda.com\/wp-content\/uploads\/2023\/04\/business-links-polimoda-2023.jpg","datePublished":"2023-01-18T16:00:04+00:00","dateModified":"2023-05-14T22:17:05+00:00","breadcrumb":{"@id":"https:\/\/www.polimoda.com\/it\/carriera\/servizi-per-aziende\/career-day\/#breadcrumb"},"inLanguage":"it-IT","potentialAction":[{"@type":"ReadAction","target":["https:\/\/www.polimoda.com\/it\/carriera\/servizi-per-aziende\/career-day\/"]}]},{"@type":"ImageObject","inLanguage":"it-IT","@id":"https:\/\/www.polimoda.com\/it\/carriera\/servizi-per-aziende\/career-day\/#primaryimage","url":"https:\/\/www.polimoda.com\/wp-content\/uploads\/2023\/04\/business-links-polimoda-2023.jpg","contentUrl":"https:\/\/www.polimoda.com\/wp-content\/uploads\/2023\/04\/business-links-polimoda-2023.jpg","width":1920,"height":681},{"@type":"BreadcrumbList","@id":"https:\/\/www.polimoda.com\/it\/carriera\/servizi-per-aziende\/career-day\/#breadcrumb","itemListElement":[{"@type":"ListItem","position":1,"name":"Home","item":"https:\/\/www.polimoda.com\/it\/"},{"@type":"ListItem","position":2,"name":"Career","item":"https:\/\/www.polimoda.com\/it\/career\/"},{"@type":"ListItem","position":3,"name":"Servizi per Aziende","item":"https:\/\/www.polimoda.com\/it\/careers\/services-for-business\/"},{"@type":"ListItem","position":4,"name":"Career day"}]},{"@type":"WebSite","@id":"https:\/\/www.polimoda.com\/it\/#website","url":"https:\/\/www.polimoda.com\/it\/","name":"Polimoda Fashion School","description":"The Fashion School in Florence, Italy","publisher":{"@id":"https:\/\/www.polimoda.com\/it\/#organization"},"alternateName":"Polimoda","potentialAction":[{"@type":"SearchAction","target":{"@type":"EntryPoint","urlTemplate":"https:\/\/www.polimoda.com\/it\/?s={search_term_string}"},"query-input":{"@type":"PropertyValueSpecification","valueRequired":true,"valueName":"search_term_string"}}],"inLanguage":"it-IT"},{"@type":"Organization","@id":"https:\/\/www.polimoda.com\/it\/#organization","name":"Polimoda Fashion School","alternateName":"Polimoda","url":"https:\/\/www.polimoda.com\/it\/","logo":{"@type":"ImageObject","inLanguage":"it-IT","@id":"https:\/\/www.polimoda.com\/it\/#\/schema\/logo\/image\/","url":"https:\/\/www.polimoda.com\/wp-content\/uploads\/2022\/07\/logo_polimoda.png","contentUrl":"https:\/\/www.polimoda.com\/wp-content\/uploads\/2022\/07\/logo_polimoda.png","width":508,"height":132,"caption":"Polimoda Fashion School"},"image":{"@id":"https:\/\/www.polimoda.com\/it\/#\/schema\/logo\/image\/"},"sameAs":["https:\/\/www.facebook.com\/Polimoda","https:\/\/x.com\/polimoda","https:\/\/www.instagram.com\/polimodafirenze","https:\/\/www.tiktok.com\/@polimoda","https:\/\/open.spotify.com\/user\/qrqkduirz0hc5ta3wvbs4ikem?si=db886dfc1ff6482c","https:\/\/www.youtube.com\/user\/polimodatube","https:\/\/www.linkedin.com\/company\/polimoda"]}]}},"_links":{"self":[{"href":"https:\/\/www.polimoda.com\/it\/wp-json\/wp\/v2\/pages\/9441","targetHints":{"allow":["GET"]}}],"collection":[{"href":"https:\/\/www.polimoda.com\/it\/wp-json\/wp\/v2\/pages"}],"about":[{"href":"https:\/\/www.polimoda.com\/it\/wp-json\/wp\/v2\/types\/page"}],"author":[{"embeddable":true,"href":"https:\/\/www.polimoda.com\/it\/wp-json\/wp\/v2\/users\/1"}],"replies":[{"embeddable":true,"href":"https:\/\/www.polimoda.com\/it\/wp-json\/wp\/v2\/comments?post=9441"}],"version-history":[{"count":13,"href":"https:\/\/www.polimoda.com\/it\/wp-json\/wp\/v2\/pages\/9441\/revisions"}],"predecessor-version":[{"id":16227,"href":"https:\/\/www.polimoda.com\/it\/wp-json\/wp\/v2\/pages\/9441\/revisions\/16227"}],"up":[{"embeddable":true,"href":"https:\/\/www.polimoda.com\/it\/wp-json\/wp\/v2\/pages\/9439"}],"wp:featuredmedia":[{"embeddable":true,"href":"https:\/\/www.polimoda.com\/it\/wp-json\/wp\/v2\/media\/11186"}],"wp:attachment":[{"href":"https:\/\/www.polimoda.com\/it\/wp-json\/wp\/v2\/media?parent=9441"}],"curies":[{"name":"wp","href":"https:\/\/api.w.org\/{rel}","templated":true}]}}