{"id":9437,"date":"2023-01-18T17:00:52","date_gmt":"2023-01-18T16:00:52","guid":{"rendered":"https:\/\/www.polimoda.com\/carriera\/alumni\/"},"modified":"2023-05-16T14:59:36","modified_gmt":"2023-05-16T12:59:36","slug":"servizi-per-alumni","status":"publish","type":"page","link":"https:\/\/www.polimoda.com\/it\/career\/servizi-per-alumni\/","title":{"rendered":"Servizi per Alumni"},"content":{"rendered":"\t\t<div data-elementor-type=\"wp-page\" data-elementor-id=\"9437\" class=\"elementor elementor-9437 elementor-2434\" data-elementor-post-type=\"page\">\n\t\t\t\t\t\t<section class=\"elementor-section elementor-top-section elementor-element elementor-element-1ff7dce elementor-section-boxed elementor-section-height-default elementor-section-height-default\" data-id=\"1ff7dce\" data-element_type=\"section\" data-e-type=\"section\">\n\t\t\t\t\t\t<div class=\"elementor-container elementor-column-gap-default\">\n\t\t\t\t\t<div class=\"elementor-column elementor-col-25 elementor-top-column elementor-element elementor-element-19f2b76\" data-id=\"19f2b76\" data-element_type=\"column\" data-e-type=\"column\">\n\t\t\t<div class=\"elementor-widget-wrap\">\n\t\t\t\t\t\t\t<\/div>\n\t\t<\/div>\n\t\t\t\t<div class=\"elementor-column elementor-col-50 elementor-top-column elementor-element elementor-element-d4367ad\" data-id=\"d4367ad\" data-element_type=\"column\" data-e-type=\"column\">\n\t\t\t<div class=\"elementor-widget-wrap elementor-element-populated\">\n\t\t\t\t\t\t<div class=\"elementor-element elementor-element-610d467 elementor-widget elementor-widget-spacer\" data-id=\"610d467\" data-element_type=\"widget\" data-e-type=\"widget\" data-widget_type=\"spacer.default\">\n\t\t\t\t<div class=\"elementor-widget-container\">\n\t\t\t\t\t\t\t<div class=\"elementor-spacer\">\n\t\t\t<div class=\"elementor-spacer-inner\"><\/div>\n\t\t<\/div>\n\t\t\t\t\t\t<\/div>\n\t\t\t\t<\/div>\n\t\t\t\t<div class=\"elementor-element elementor-element-360b1b0 elementor-widget elementor-widget-text-editor\" data-id=\"360b1b0\" data-element_type=\"widget\" data-e-type=\"widget\" data-widget_type=\"text-editor.default\">\n\t\t\t\t<div class=\"elementor-widget-container\">\n\t\t\t\t\t\t\t\t\t<p>La community degli ex-studenti Polimoda \u00e8 una rete internazionale di talenti impegnati in ruoli di prestigio a tutti i livelli della fashion industry.<\/p>\n\t\t\t\t\t\t\t\t<\/div>\n\t\t\t\t<\/div>\n\t\t\t\t<div class=\"elementor-element elementor-element-e053dd5 elementor-widget elementor-widget-text-editor\" data-id=\"e053dd5\" data-element_type=\"widget\" data-e-type=\"widget\" data-widget_type=\"text-editor.default\">\n\t\t\t\t<div class=\"elementor-widget-container\">\n\t\t\t\t\t\t\t\t\t<p>Attraverso eventi dedicati, Polimoda promuove l\u2019interscambio continuo di esperienze e stimoli lavorativi e culturali tra gli alumni dell\u2019istituto, autentici ambasciatori di creativit\u00e0 e talento nel mondo, oltre a invitarli a condividere con gli attuali studenti testimonianze dirette e preziosi insight.<\/p>\n<p>L\u2019ufficio Career &amp; Company Relations promuove il networking fra gli alumni e le aziende di settore condividendo opportunit\u00e0 di lavoro selezionate attraverso un\u2019esclusiva banca dati.<\/p>\n<p>Inoltre, Polimoda offre supporto alla crescita professionale degli ex-studenti proponendo borse di studio, iniziative di incubazione d&#8217;impresa e tutoraggio avanzato, corsi di formazione per lavoratori o di specializzazione.<\/p>\n<p>In particolare, gli ex-studenti impegnati nello sviluppo di idee imprenditoriali a elevato potenziale nei settori della moda e del lusso hanno la possibilit\u00e0 di essere selezionati per il <a href=\"https:\/\/polimoda.com\/careers\/talent\/\">Polimoda Talent<\/a>, una piattaforma di business development dedicata alle startup innovative, nata con l\u2019intento di promuovere la creativit\u00e0 e offrire sostegno e visibilit\u00e0 agli alumni Polimoda pi\u00f9 meritevoli.<\/p>\n\t\t\t\t\t\t\t\t<\/div>\n\t\t\t\t<\/div>\n\t\t\t\t<div class=\"elementor-element elementor-element-051b18a elementor-widget elementor-widget-heading\" data-id=\"051b18a\" data-element_type=\"widget\" data-e-type=\"widget\" data-widget_type=\"heading.default\">\n\t\t\t\t<div class=\"elementor-widget-container\">\n\t\t\t\t\t<h2 class=\"elementor-heading-title elementor-size-default\">Contatti<\/h2>\t\t\t\t<\/div>\n\t\t\t\t<\/div>\n\t\t\t\t<div class=\"elementor-element elementor-element-bdf8c14 elementor-widget elementor-widget-heading\" data-id=\"bdf8c14\" data-element_type=\"widget\" data-e-type=\"widget\" data-widget_type=\"heading.default\">\n\t\t\t\t<div class=\"elementor-widget-container\">\n\t\t\t\t\t<h3 class=\"elementor-heading-title elementor-size-default\">Career &amp; Company Relations Office<\/h3>\t\t\t\t<\/div>\n\t\t\t\t<\/div>\n\t\t\t\t<div class=\"elementor-element elementor-element-a4bda2b elementor-widget elementor-widget-text-editor\" data-id=\"a4bda2b\" data-element_type=\"widget\" data-e-type=\"widget\" data-widget_type=\"text-editor.default\">\n\t\t\t\t<div class=\"elementor-widget-container\">\n\t\t\t\t\t\t\t\t\t<p style=\"font-size: 18px; font-style: normal; font-weight: 400;\">Via Curtatone 1, Firenze<br \/>Dal luned\u00ec al venerd\u00ec: dalle 9:00 alle 17:00<br \/>E-mail: <a href=\"mailto:jobsandcareers@polimoda.com\">jobsandcareers@polimoda.com<\/a><\/p>\n<ul style=\"font-size: 18px; font-style: normal; font-weight: 400;\">\n<li style=\"font-size: 18px;\">Francesca Pierucci, Head of Career &amp; Company Relations<\/li>\n<li style=\"font-size: 18px;\">Silvia Pedali, Career Counselor<\/li>\n<li style=\"font-size: 18px;\">Ilaria Sardelli, Career Counselor<\/li>\n<li style=\"font-size: 18px;\">Virginia Barni, Career Counselor<\/li>\n<\/ul>\n\t\t\t\t\t\t\t\t<\/div>\n\t\t\t\t<\/div>\n\t\t\t\t<div class=\"elementor-element elementor-element-bca9179 elementor-widget elementor-widget-spacer\" data-id=\"bca9179\" data-element_type=\"widget\" data-e-type=\"widget\" data-widget_type=\"spacer.default\">\n\t\t\t\t<div class=\"elementor-widget-container\">\n\t\t\t\t\t\t\t<div class=\"elementor-spacer\">\n\t\t\t<div class=\"elementor-spacer-inner\"><\/div>\n\t\t<\/div>\n\t\t\t\t\t\t<\/div>\n\t\t\t\t<\/div>\n\t\t\t\t\t<\/div>\n\t\t<\/div>\n\t\t\t\t<div class=\"elementor-column elementor-col-25 elementor-top-column elementor-element elementor-element-b8a9e3c\" data-id=\"b8a9e3c\" data-element_type=\"column\" data-e-type=\"column\">\n\t\t\t<div class=\"elementor-widget-wrap\">\n\t\t\t\t\t\t\t<\/div>\n\t\t<\/div>\n\t\t\t\t\t<\/div>\n\t\t<\/section>\n\t\t\t\t<\/div>\n\t\t","protected":false},"excerpt":{"rendered":"<p>La community degli ex-studenti Polimoda \u00e8 una rete internazionale di talenti impegnati in ruoli di prestigio a tutti i livelli della fashion industry. Attraverso eventi dedicati, Polimoda promuove l\u2019interscambio continuo di esperienze e stimoli lavorativi e culturali tra gli alumni dell\u2019istituto, autentici ambasciatori di creativit\u00e0 e talento nel mondo, oltre a invitarli a condividere con [&hellip;]<\/p>\n","protected":false},"author":1,"featured_media":11528,"parent":9414,"menu_order":0,"comment_status":"closed","ping_status":"closed","template":"","meta":{"_acf_changed":false,"site-sidebar-layout":"default","site-content-layout":"","ast-site-content-layout":"default","site-content-style":"default","site-sidebar-style":"default","ast-global-header-display":"","ast-banner-title-visibility":"","ast-main-header-display":"","ast-hfb-above-header-display":"","ast-hfb-below-header-display":"","ast-hfb-mobile-header-display":"","site-post-title":"","ast-breadcrumbs-content":"","ast-featured-img":"","footer-sml-layout":"","ast-disable-related-posts":"","theme-transparent-header-meta":"","adv-header-id-meta":"","stick-header-meta":"","header-above-stick-meta":"","header-main-stick-meta":"","header-below-stick-meta":"","astra-migrate-meta-layouts":"default","ast-page-background-enabled":"default","ast-page-background-meta":{"desktop":{"background-color":"var(--ast-global-color-4)","background-image":"","background-repeat":"repeat","background-position":"center center","background-size":"auto","background-attachment":"scroll","background-type":"","background-media":"","overlay-type":"","overlay-color":"","overlay-opacity":"","overlay-gradient":""},"tablet":{"background-color":"","background-image":"","background-repeat":"repeat","background-position":"center center","background-size":"auto","background-attachment":"scroll","background-type":"","background-media":"","overlay-type":"","overlay-color":"","overlay-opacity":"","overlay-gradient":""},"mobile":{"background-color":"","background-image":"","background-repeat":"repeat","background-position":"center center","background-size":"auto","background-attachment":"scroll","background-type":"","background-media":"","overlay-type":"","overlay-color":"","overlay-opacity":"","overlay-gradient":""}},"ast-content-background-meta":{"desktop":{"background-color":"var(--ast-global-color-5)","background-image":"","background-repeat":"repeat","background-position":"center center","background-size":"auto","background-attachment":"scroll","background-type":"","background-media":"","overlay-type":"","overlay-color":"","overlay-opacity":"","overlay-gradient":""},"tablet":{"background-color":"var(--ast-global-color-5)","background-image":"","background-repeat":"repeat","background-position":"center center","background-size":"auto","background-attachment":"scroll","background-type":"","background-media":"","overlay-type":"","overlay-color":"","overlay-opacity":"","overlay-gradient":""},"mobile":{"background-color":"var(--ast-global-color-5)","background-image":"","background-repeat":"repeat","background-position":"center center","background-size":"auto","background-attachment":"scroll","background-type":"","background-media":"","overlay-type":"","overlay-color":"","overlay-opacity":"","overlay-gradient":""}},"footnotes":""},"class_list":["post-9437","page","type-page","status-publish","has-post-thumbnail","hentry"],"acf":[],"yoast_head":"<!-- This site is optimized with the Yoast SEO plugin v27.3 - https:\/\/yoast.com\/product\/yoast-seo-wordpress\/ -->\n<title>Servizi per Alumni | Polimoda Fashion School<\/title>\n<meta name=\"robots\" content=\"index, follow, max-snippet:-1, max-image-preview:large, max-video-preview:-1\" \/>\n<link rel=\"canonical\" href=\"https:\/\/www.polimoda.com\/it\/career\/servizi-per-alumni\/\" \/>\n<meta property=\"og:locale\" content=\"it_IT\" \/>\n<meta property=\"og:type\" content=\"article\" \/>\n<meta property=\"og:title\" content=\"Servizi per Alumni | Polimoda Fashion School\" \/>\n<meta property=\"og:description\" content=\"La community degli ex-studenti Polimoda \u00e8 una rete internazionale di talenti impegnati in ruoli di prestigio a tutti i livelli della fashion industry. Attraverso eventi dedicati, Polimoda promuove l\u2019interscambio continuo di esperienze e stimoli lavorativi e culturali tra gli alumni dell\u2019istituto, autentici ambasciatori di creativit\u00e0 e talento nel mondo, oltre a invitarli a condividere con [&hellip;]\" \/>\n<meta property=\"og:url\" content=\"https:\/\/www.polimoda.com\/it\/career\/servizi-per-alumni\/\" \/>\n<meta property=\"og:site_name\" content=\"Polimoda Fashion School\" \/>\n<meta property=\"article:publisher\" content=\"https:\/\/www.facebook.com\/Polimoda\" \/>\n<meta property=\"article:modified_time\" content=\"2023-05-16T12:59:36+00:00\" \/>\n<meta property=\"og:image\" content=\"https:\/\/www.polimoda.com\/wp-content\/uploads\/2023\/04\/services-alumni-polimoda-2023.jpg\" \/>\n\t<meta property=\"og:image:width\" content=\"1920\" \/>\n\t<meta property=\"og:image:height\" content=\"681\" \/>\n\t<meta property=\"og:image:type\" content=\"image\/jpeg\" \/>\n<meta name=\"twitter:card\" content=\"summary_large_image\" \/>\n<meta name=\"twitter:site\" content=\"@polimoda\" \/>\n<script type=\"application\/ld+json\" class=\"yoast-schema-graph\">{\"@context\":\"https:\\\/\\\/schema.org\",\"@graph\":[{\"@type\":\"WebPage\",\"@id\":\"https:\\\/\\\/www.polimoda.com\\\/it\\\/career\\\/servizi-per-alumni\\\/\",\"url\":\"https:\\\/\\\/www.polimoda.com\\\/it\\\/career\\\/servizi-per-alumni\\\/\",\"name\":\"Servizi per Alumni | Polimoda Fashion School\",\"isPartOf\":{\"@id\":\"https:\\\/\\\/www.polimoda.com\\\/it\\\/#website\"},\"primaryImageOfPage\":{\"@id\":\"https:\\\/\\\/www.polimoda.com\\\/it\\\/career\\\/servizi-per-alumni\\\/#primaryimage\"},\"image\":{\"@id\":\"https:\\\/\\\/www.polimoda.com\\\/it\\\/career\\\/servizi-per-alumni\\\/#primaryimage\"},\"thumbnailUrl\":\"https:\\\/\\\/www.polimoda.com\\\/wp-content\\\/uploads\\\/2023\\\/04\\\/services-alumni-polimoda-2023.jpg\",\"datePublished\":\"2023-01-18T16:00:52+00:00\",\"dateModified\":\"2023-05-16T12:59:36+00:00\",\"breadcrumb\":{\"@id\":\"https:\\\/\\\/www.polimoda.com\\\/it\\\/career\\\/servizi-per-alumni\\\/#breadcrumb\"},\"inLanguage\":\"it-IT\",\"potentialAction\":[{\"@type\":\"ReadAction\",\"target\":[\"https:\\\/\\\/www.polimoda.com\\\/it\\\/career\\\/servizi-per-alumni\\\/\"]}]},{\"@type\":\"ImageObject\",\"inLanguage\":\"it-IT\",\"@id\":\"https:\\\/\\\/www.polimoda.com\\\/it\\\/career\\\/servizi-per-alumni\\\/#primaryimage\",\"url\":\"https:\\\/\\\/www.polimoda.com\\\/wp-content\\\/uploads\\\/2023\\\/04\\\/services-alumni-polimoda-2023.jpg\",\"contentUrl\":\"https:\\\/\\\/www.polimoda.com\\\/wp-content\\\/uploads\\\/2023\\\/04\\\/services-alumni-polimoda-2023.jpg\",\"width\":1920,\"height\":681},{\"@type\":\"BreadcrumbList\",\"@id\":\"https:\\\/\\\/www.polimoda.com\\\/it\\\/career\\\/servizi-per-alumni\\\/#breadcrumb\",\"itemListElement\":[{\"@type\":\"ListItem\",\"position\":1,\"name\":\"Home\",\"item\":\"https:\\\/\\\/www.polimoda.com\\\/it\\\/\"},{\"@type\":\"ListItem\",\"position\":2,\"name\":\"Career\",\"item\":\"https:\\\/\\\/www.polimoda.com\\\/it\\\/career\\\/\"},{\"@type\":\"ListItem\",\"position\":3,\"name\":\"Servizi per Alumni\"}]},{\"@type\":\"WebSite\",\"@id\":\"https:\\\/\\\/www.polimoda.com\\\/it\\\/#website\",\"url\":\"https:\\\/\\\/www.polimoda.com\\\/it\\\/\",\"name\":\"Polimoda Fashion School\",\"description\":\"The Fashion School in Florence, Italy\",\"publisher\":{\"@id\":\"https:\\\/\\\/www.polimoda.com\\\/it\\\/#organization\"},\"alternateName\":\"Polimoda\",\"potentialAction\":[{\"@type\":\"SearchAction\",\"target\":{\"@type\":\"EntryPoint\",\"urlTemplate\":\"https:\\\/\\\/www.polimoda.com\\\/it\\\/?s={search_term_string}\"},\"query-input\":{\"@type\":\"PropertyValueSpecification\",\"valueRequired\":true,\"valueName\":\"search_term_string\"}}],\"inLanguage\":\"it-IT\"},{\"@type\":\"Organization\",\"@id\":\"https:\\\/\\\/www.polimoda.com\\\/it\\\/#organization\",\"name\":\"Polimoda Fashion School\",\"alternateName\":\"Polimoda\",\"url\":\"https:\\\/\\\/www.polimoda.com\\\/it\\\/\",\"logo\":{\"@type\":\"ImageObject\",\"inLanguage\":\"it-IT\",\"@id\":\"https:\\\/\\\/www.polimoda.com\\\/it\\\/#\\\/schema\\\/logo\\\/image\\\/\",\"url\":\"https:\\\/\\\/www.polimoda.com\\\/wp-content\\\/uploads\\\/2022\\\/07\\\/logo_polimoda.png\",\"contentUrl\":\"https:\\\/\\\/www.polimoda.com\\\/wp-content\\\/uploads\\\/2022\\\/07\\\/logo_polimoda.png\",\"width\":508,\"height\":132,\"caption\":\"Polimoda Fashion School\"},\"image\":{\"@id\":\"https:\\\/\\\/www.polimoda.com\\\/it\\\/#\\\/schema\\\/logo\\\/image\\\/\"},\"sameAs\":[\"https:\\\/\\\/www.facebook.com\\\/Polimoda\",\"https:\\\/\\\/x.com\\\/polimoda\",\"https:\\\/\\\/www.instagram.com\\\/polimodafirenze\",\"https:\\\/\\\/www.tiktok.com\\\/@polimoda\",\"https:\\\/\\\/open.spotify.com\\\/user\\\/qrqkduirz0hc5ta3wvbs4ikem?si=db886dfc1ff6482c\",\"https:\\\/\\\/www.youtube.com\\\/user\\\/polimodatube\",\"https:\\\/\\\/www.linkedin.com\\\/company\\\/polimoda\"]}]}<\/script>\n<!-- \/ Yoast SEO plugin. -->","yoast_head_json":{"title":"Servizi per Alumni | Polimoda Fashion School","robots":{"index":"index","follow":"follow","max-snippet":"max-snippet:-1","max-image-preview":"max-image-preview:large","max-video-preview":"max-video-preview:-1"},"canonical":"https:\/\/www.polimoda.com\/it\/career\/servizi-per-alumni\/","og_locale":"it_IT","og_type":"article","og_title":"Servizi per Alumni | Polimoda Fashion School","og_description":"La community degli ex-studenti Polimoda \u00e8 una rete internazionale di talenti impegnati in ruoli di prestigio a tutti i livelli della fashion industry. Attraverso eventi dedicati, Polimoda promuove l\u2019interscambio continuo di esperienze e stimoli lavorativi e culturali tra gli alumni dell\u2019istituto, autentici ambasciatori di creativit\u00e0 e talento nel mondo, oltre a invitarli a condividere con [&hellip;]","og_url":"https:\/\/www.polimoda.com\/it\/career\/servizi-per-alumni\/","og_site_name":"Polimoda Fashion School","article_publisher":"https:\/\/www.facebook.com\/Polimoda","article_modified_time":"2023-05-16T12:59:36+00:00","og_image":[{"width":1920,"height":681,"url":"https:\/\/www.polimoda.com\/wp-content\/uploads\/2023\/04\/services-alumni-polimoda-2023.jpg","type":"image\/jpeg"}],"twitter_card":"summary_large_image","twitter_site":"@polimoda","schema":{"@context":"https:\/\/schema.org","@graph":[{"@type":"WebPage","@id":"https:\/\/www.polimoda.com\/it\/career\/servizi-per-alumni\/","url":"https:\/\/www.polimoda.com\/it\/career\/servizi-per-alumni\/","name":"Servizi per Alumni | Polimoda Fashion School","isPartOf":{"@id":"https:\/\/www.polimoda.com\/it\/#website"},"primaryImageOfPage":{"@id":"https:\/\/www.polimoda.com\/it\/career\/servizi-per-alumni\/#primaryimage"},"image":{"@id":"https:\/\/www.polimoda.com\/it\/career\/servizi-per-alumni\/#primaryimage"},"thumbnailUrl":"https:\/\/www.polimoda.com\/wp-content\/uploads\/2023\/04\/services-alumni-polimoda-2023.jpg","datePublished":"2023-01-18T16:00:52+00:00","dateModified":"2023-05-16T12:59:36+00:00","breadcrumb":{"@id":"https:\/\/www.polimoda.com\/it\/career\/servizi-per-alumni\/#breadcrumb"},"inLanguage":"it-IT","potentialAction":[{"@type":"ReadAction","target":["https:\/\/www.polimoda.com\/it\/career\/servizi-per-alumni\/"]}]},{"@type":"ImageObject","inLanguage":"it-IT","@id":"https:\/\/www.polimoda.com\/it\/career\/servizi-per-alumni\/#primaryimage","url":"https:\/\/www.polimoda.com\/wp-content\/uploads\/2023\/04\/services-alumni-polimoda-2023.jpg","contentUrl":"https:\/\/www.polimoda.com\/wp-content\/uploads\/2023\/04\/services-alumni-polimoda-2023.jpg","width":1920,"height":681},{"@type":"BreadcrumbList","@id":"https:\/\/www.polimoda.com\/it\/career\/servizi-per-alumni\/#breadcrumb","itemListElement":[{"@type":"ListItem","position":1,"name":"Home","item":"https:\/\/www.polimoda.com\/it\/"},{"@type":"ListItem","position":2,"name":"Career","item":"https:\/\/www.polimoda.com\/it\/career\/"},{"@type":"ListItem","position":3,"name":"Servizi per Alumni"}]},{"@type":"WebSite","@id":"https:\/\/www.polimoda.com\/it\/#website","url":"https:\/\/www.polimoda.com\/it\/","name":"Polimoda Fashion School","description":"The Fashion School in Florence, Italy","publisher":{"@id":"https:\/\/www.polimoda.com\/it\/#organization"},"alternateName":"Polimoda","potentialAction":[{"@type":"SearchAction","target":{"@type":"EntryPoint","urlTemplate":"https:\/\/www.polimoda.com\/it\/?s={search_term_string}"},"query-input":{"@type":"PropertyValueSpecification","valueRequired":true,"valueName":"search_term_string"}}],"inLanguage":"it-IT"},{"@type":"Organization","@id":"https:\/\/www.polimoda.com\/it\/#organization","name":"Polimoda Fashion School","alternateName":"Polimoda","url":"https:\/\/www.polimoda.com\/it\/","logo":{"@type":"ImageObject","inLanguage":"it-IT","@id":"https:\/\/www.polimoda.com\/it\/#\/schema\/logo\/image\/","url":"https:\/\/www.polimoda.com\/wp-content\/uploads\/2022\/07\/logo_polimoda.png","contentUrl":"https:\/\/www.polimoda.com\/wp-content\/uploads\/2022\/07\/logo_polimoda.png","width":508,"height":132,"caption":"Polimoda Fashion School"},"image":{"@id":"https:\/\/www.polimoda.com\/it\/#\/schema\/logo\/image\/"},"sameAs":["https:\/\/www.facebook.com\/Polimoda","https:\/\/x.com\/polimoda","https:\/\/www.instagram.com\/polimodafirenze","https:\/\/www.tiktok.com\/@polimoda","https:\/\/open.spotify.com\/user\/qrqkduirz0hc5ta3wvbs4ikem?si=db886dfc1ff6482c","https:\/\/www.youtube.com\/user\/polimodatube","https:\/\/www.linkedin.com\/company\/polimoda"]}]}},"_links":{"self":[{"href":"https:\/\/www.polimoda.com\/it\/wp-json\/wp\/v2\/pages\/9437","targetHints":{"allow":["GET"]}}],"collection":[{"href":"https:\/\/www.polimoda.com\/it\/wp-json\/wp\/v2\/pages"}],"about":[{"href":"https:\/\/www.polimoda.com\/it\/wp-json\/wp\/v2\/types\/page"}],"author":[{"embeddable":true,"href":"https:\/\/www.polimoda.com\/it\/wp-json\/wp\/v2\/users\/1"}],"replies":[{"embeddable":true,"href":"https:\/\/www.polimoda.com\/it\/wp-json\/wp\/v2\/comments?post=9437"}],"version-history":[{"count":23,"href":"https:\/\/www.polimoda.com\/it\/wp-json\/wp\/v2\/pages\/9437\/revisions"}],"predecessor-version":[{"id":16293,"href":"https:\/\/www.polimoda.com\/it\/wp-json\/wp\/v2\/pages\/9437\/revisions\/16293"}],"up":[{"embeddable":true,"href":"https:\/\/www.polimoda.com\/it\/wp-json\/wp\/v2\/pages\/9414"}],"wp:featuredmedia":[{"embeddable":true,"href":"https:\/\/www.polimoda.com\/it\/wp-json\/wp\/v2\/media\/11528"}],"wp:attachment":[{"href":"https:\/\/www.polimoda.com\/it\/wp-json\/wp\/v2\/media?parent=9437"}],"curies":[{"name":"wp","href":"https:\/\/api.w.org\/{rel}","templated":true}]}}