{"id":15648,"date":"2023-05-12T13:06:47","date_gmt":"2023-05-12T11:06:47","guid":{"rendered":"https:\/\/www.polimoda.com\/?page_id=15648"},"modified":"2024-10-29T09:55:40","modified_gmt":"2024-10-29T08:55:40","slug":"biblioteca","status":"publish","type":"page","link":"https:\/\/www.polimoda.com\/it\/student-life\/facilities\/biblioteca\/","title":{"rendered":"Biblioteca"},"content":{"rendered":"\t\t<div data-elementor-type=\"wp-page\" data-elementor-id=\"15648\" class=\"elementor elementor-15648 elementor-15617\" data-elementor-post-type=\"page\">\n\t\t\t\t\t\t<section class=\"elementor-section elementor-top-section elementor-element elementor-element-c08e7de elementor-section-boxed elementor-section-height-default elementor-section-height-default\" data-id=\"c08e7de\" data-element_type=\"section\" data-e-type=\"section\">\n\t\t\t\t\t\t<div class=\"elementor-container elementor-column-gap-default\">\n\t\t\t\t\t<div class=\"elementor-column elementor-col-25 elementor-top-column elementor-element elementor-element-8045974\" data-id=\"8045974\" data-element_type=\"column\" data-e-type=\"column\">\n\t\t\t<div class=\"elementor-widget-wrap\">\n\t\t\t\t\t\t\t<\/div>\n\t\t<\/div>\n\t\t\t\t<div class=\"elementor-column elementor-col-50 elementor-top-column elementor-element elementor-element-606cc9a\" data-id=\"606cc9a\" data-element_type=\"column\" data-e-type=\"column\">\n\t\t\t<div class=\"elementor-widget-wrap elementor-element-populated\">\n\t\t\t\t\t\t<div class=\"elementor-element elementor-element-2e3a68a elementor-widget elementor-widget-spacer\" data-id=\"2e3a68a\" data-element_type=\"widget\" data-e-type=\"widget\" data-widget_type=\"spacer.default\">\n\t\t\t\t<div class=\"elementor-widget-container\">\n\t\t\t\t\t\t\t<div class=\"elementor-spacer\">\n\t\t\t<div class=\"elementor-spacer-inner\"><\/div>\n\t\t<\/div>\n\t\t\t\t\t\t<\/div>\n\t\t\t\t<\/div>\n\t\t\t\t<div class=\"elementor-element elementor-element-ff247bf elementor-widget elementor-widget-text-editor\" data-id=\"ff247bf\" data-element_type=\"widget\" data-e-type=\"widget\" data-widget_type=\"text-editor.default\">\n\t\t\t\t<div class=\"elementor-widget-container\">\n\t\t\t\t\t\t\t\t\t<p>Situata nel Villa Campus a Firenze, la Biblioteca Polimoda &#8211; Centro di Documentazione Matteo Lanzoni ospita una vasta collezione di pubblicazioni di moda ed \u00e8 riconosciuta come una delle pi\u00f9 grandi biblioteche di moda in Europa.<\/p>\n\t\t\t\t\t\t\t\t<\/div>\n\t\t\t\t<\/div>\n\t\t\t\t<div class=\"elementor-element elementor-element-19c1011 elementor-widget elementor-widget-text-editor\" data-id=\"19c1011\" data-element_type=\"widget\" data-e-type=\"widget\" data-widget_type=\"text-editor.default\">\n\t\t\t\t<div class=\"elementor-widget-container\">\n\t\t\t\t\t\t\t\t\t<p>Sin dalla sua fondazione nel 1986, la Polimoda Library \u00e8 diventata un centro di conoscenza della moda. Con oltre 29.000 volumi, tra cui libri sulla storia della moda, design, tecnologia tessile, marketing ed economia, essa si rivolge a interessi diversi. La biblioteca offre anche una vasta selezione di riviste di moda, look-book, risorse cinematografiche e materiali online. <\/p>\n\t\t\t\t\t\t\t\t<\/div>\n\t\t\t\t<\/div>\n\t\t\t\t<div class=\"elementor-element elementor-element-18502d4 elementor-widget elementor-widget-html\" data-id=\"18502d4\" data-element_type=\"widget\" data-e-type=\"widget\" data-widget_type=\"html.default\">\n\t\t\t\t<div class=\"elementor-widget-container\">\n\t\t\t\t\t<blockquote class=\"tiktok-embed\" cite=\"https:\/\/www.tiktok.com\/@polimoda\/video\/6972483489270664454\" data-video-id=\"6972483489270664454\" style=\"max-width: 605px;min-width: 325px;\"> <section> <a target=\"_blank\" title=\"@polimoda\" href=\"https:\/\/www.tiktok.com\/@polimoda?refer=embed\">@polimoda<\/a> The biggest collection of publications on the international fashion industry is here.\u2728 <a title=\"polimoda\" target=\"_blank\" href=\"https:\/\/www.tiktok.com\/tag\/polimoda?refer=embed\">#polimoda<\/a> <a title=\"fashionbook\" target=\"_blank\" href=\"https:\/\/www.tiktok.com\/tag\/fashionbook?refer=embed\">#fashionbook<\/a> <a title=\"fashionschoolcheck\" target=\"_blank\" href=\"https:\/\/www.tiktok.com\/tag\/fashionschoolcheck?refer=embed\">#fashionschoolcheck<\/a> <a title=\"florence\" target=\"_blank\" href=\"https:\/\/www.tiktok.com\/tag\/florence?refer=embed\">#florence<\/a> <a target=\"_blank\" title=\"\u266c Run Free (Original Mix) - Deep Chills &amp; Deep Chills\" href=\"https:\/\/www.tiktok.com\/music\/Run-Free-Original-Mix-6594233508997106433?refer=embed\">\u266c Run Free (Original Mix) - Deep Chills &amp; Deep Chills<\/a> <\/section> <\/blockquote> <script async=\"\" src=\"https:\/\/www.tiktok.com\/embed.js\"><\/script>\t\t\t\t<\/div>\n\t\t\t\t<\/div>\n\t\t\t\t<div class=\"elementor-element elementor-element-1818e9a elementor-widget elementor-widget-text-editor\" data-id=\"1818e9a\" data-element_type=\"widget\" data-e-type=\"widget\" data-widget_type=\"text-editor.default\">\n\t\t\t\t<div class=\"elementor-widget-container\">\n\t\t\t\t\t\t\t\t\t<p>Studenti, aziende e ricercatori possono immergersi nel mondo della moda attraverso le quattro diverse aree della biblioteca. Possono esplorare tessuti e abbigliamento, approfondire l&#8217;arte e le varie forme di espressione, scoprire il potere della fotografia e abbracciare la gestione dell&#8217;innovazione per potenziare la creativit\u00e0.<\/p>\n\t\t\t\t\t\t\t\t<\/div>\n\t\t\t\t<\/div>\n\t\t\t\t<div class=\"elementor-element elementor-element-842498b elementor-widget elementor-widget-text-editor\" data-id=\"842498b\" data-element_type=\"widget\" data-e-type=\"widget\" data-widget_type=\"text-editor.default\">\n\t\t\t\t<div class=\"elementor-widget-container\">\n\t\t\t\t\t\t\t\t\t<p>Intraprendi un viaggio di ispirazione e conoscenza visitando il sito web ufficiale della Polimoda Library, <a href=\"https:\/\/polimoda.sebina.it\/opac\/.do\" target=\"_blank\" rel=\"noopener\">sito web ufficiale della Polimoda Library<\/a>, dove puoi utilizzare un motore di ricerca completo per esplorare l&#8217;ampia collezione di materiali archiviati, scoprire le condizioni per accedere alla biblioteca e consultare l&#8217;orario per pianificare la tua visita in modo efficace.<\/p>\n\t\t\t\t\t\t\t\t<\/div>\n\t\t\t\t<\/div>\n\t\t\t\t<div class=\"elementor-element elementor-element-0bc0cd0 elementor-widget elementor-widget-spacer\" data-id=\"0bc0cd0\" data-element_type=\"widget\" data-e-type=\"widget\" data-widget_type=\"spacer.default\">\n\t\t\t\t<div class=\"elementor-widget-container\">\n\t\t\t\t\t\t\t<div class=\"elementor-spacer\">\n\t\t\t<div class=\"elementor-spacer-inner\"><\/div>\n\t\t<\/div>\n\t\t\t\t\t\t<\/div>\n\t\t\t\t<\/div>\n\t\t\t\t\t<\/div>\n\t\t<\/div>\n\t\t\t\t<div class=\"elementor-column elementor-col-25 elementor-top-column elementor-element elementor-element-9ac965b\" data-id=\"9ac965b\" data-element_type=\"column\" data-e-type=\"column\">\n\t\t\t<div class=\"elementor-widget-wrap\">\n\t\t\t\t\t\t\t<\/div>\n\t\t<\/div>\n\t\t\t\t\t<\/div>\n\t\t<\/section>\n\t\t\t\t<section class=\"elementor-section elementor-inner-section elementor-element elementor-element-817ae31 elementor-section-boxed elementor-section-height-default elementor-section-height-default\" data-id=\"817ae31\" data-element_type=\"section\" data-e-type=\"section\" data-settings=\"{&quot;background_background&quot;:&quot;classic&quot;}\">\n\t\t\t\t\t\t\t<div class=\"elementor-background-overlay\"><\/div>\n\t\t\t\t\t\t\t<div class=\"elementor-container elementor-column-gap-default\">\n\t\t\t\t\t<div class=\"elementor-column elementor-col-100 elementor-inner-column elementor-element elementor-element-e9de78a\" data-id=\"e9de78a\" data-element_type=\"column\" data-e-type=\"column\">\n\t\t\t<div class=\"elementor-widget-wrap elementor-element-populated\">\n\t\t\t\t\t\t<div class=\"elementor-element elementor-element-d2d8e17 elementor-widget elementor-widget-heading\" data-id=\"d2d8e17\" data-element_type=\"widget\" data-e-type=\"widget\" data-widget_type=\"heading.default\">\n\t\t\t\t<div class=\"elementor-widget-container\">\n\t\t\t\t\t<h3 class=\"elementor-heading-title elementor-size-default\">A CURATED LIST OF VIRTUAL FASHION RESOURCES<\/h3>\t\t\t\t<\/div>\n\t\t\t\t<\/div>\n\t\t\t\t<div class=\"elementor-element elementor-element-ea4d99a elementor-widget elementor-widget-heading\" data-id=\"ea4d99a\" data-element_type=\"widget\" data-e-type=\"widget\" data-widget_type=\"heading.default\">\n\t\t\t\t<div class=\"elementor-widget-container\">\n\t\t\t\t\t<div class=\"elementor-heading-title elementor-size-default\">La guida in continuo aggiornamento di Polimoda Library alle biblioteche, collezioni, database di moda online gratuiti e altro ancora<\/div>\t\t\t\t<\/div>\n\t\t\t\t<\/div>\n\t\t\t\t<div class=\"elementor-element elementor-element-8e58ed6 elementor-align-center semitransparent elementor-widget elementor-widget-button\" data-id=\"8e58ed6\" data-element_type=\"widget\" data-e-type=\"widget\" data-widget_type=\"button.default\">\n\t\t\t\t<div class=\"elementor-widget-container\">\n\t\t\t\t\t\t\t\t\t<div class=\"elementor-button-wrapper\">\n\t\t\t\t\t<a class=\"elementor-button elementor-button-link elementor-size-sm\" href=\"https:\/\/polimoda.com\/a-curated-list-of-virtual-fashion-resources\/\">\n\t\t\t\t\t\t<span class=\"elementor-button-content-wrapper\">\n\t\t\t\t\t\t\t\t\t<span class=\"elementor-button-text\">Leggi<\/span>\n\t\t\t\t\t<\/span>\n\t\t\t\t\t<\/a>\n\t\t\t\t<\/div>\n\t\t\t\t\t\t\t\t<\/div>\n\t\t\t\t<\/div>\n\t\t\t\t\t<\/div>\n\t\t<\/div>\n\t\t\t\t\t<\/div>\n\t\t<\/section>\n\t\t\t\t<\/div>\n\t\t","protected":false},"excerpt":{"rendered":"<p>Situata nel Villa Campus a Firenze, la Biblioteca Polimoda &#8211; Centro di Documentazione Matteo Lanzoni ospita una vasta collezione di pubblicazioni di moda ed \u00e8 riconosciuta come una delle pi\u00f9 grandi biblioteche di moda in Europa. Sin dalla sua fondazione nel 1986, la Polimoda Library \u00e8 diventata un centro di conoscenza della moda. Con oltre [&hellip;]<\/p>\n","protected":false},"author":2,"featured_media":15661,"parent":15612,"menu_order":0,"comment_status":"closed","ping_status":"closed","template":"","meta":{"_acf_changed":false,"site-sidebar-layout":"no-sidebar","site-content-layout":"page-builder","ast-site-content-layout":"default","site-content-style":"default","site-sidebar-style":"default","ast-global-header-display":"","ast-banner-title-visibility":"","ast-main-header-display":"","ast-hfb-above-header-display":"","ast-hfb-below-header-display":"","ast-hfb-mobile-header-display":"","site-post-title":"disabled","ast-breadcrumbs-content":"","ast-featured-img":"disabled","footer-sml-layout":"","ast-disable-related-posts":"","theme-transparent-header-meta":"","adv-header-id-meta":"","stick-header-meta":"","header-above-stick-meta":"","header-main-stick-meta":"","header-below-stick-meta":"","astra-migrate-meta-layouts":"default","ast-page-background-enabled":"default","ast-page-background-meta":{"desktop":{"background-color":"var(--ast-global-color-4)","background-image":"","background-repeat":"repeat","background-position":"center center","background-size":"auto","background-attachment":"scroll","background-type":"","background-media":"","overlay-type":"","overlay-color":"","overlay-opacity":"","overlay-gradient":""},"tablet":{"background-color":"","background-image":"","background-repeat":"repeat","background-position":"center center","background-size":"auto","background-attachment":"scroll","background-type":"","background-media":"","overlay-type":"","overlay-color":"","overlay-opacity":"","overlay-gradient":""},"mobile":{"background-color":"","background-image":"","background-repeat":"repeat","background-position":"center center","background-size":"auto","background-attachment":"scroll","background-type":"","background-media":"","overlay-type":"","overlay-color":"","overlay-opacity":"","overlay-gradient":""}},"ast-content-background-meta":{"desktop":{"background-color":"var(--ast-global-color-5)","background-image":"","background-repeat":"repeat","background-position":"center center","background-size":"auto","background-attachment":"scroll","background-type":"","background-media":"","overlay-type":"","overlay-color":"","overlay-opacity":"","overlay-gradient":""},"tablet":{"background-color":"var(--ast-global-color-5)","background-image":"","background-repeat":"repeat","background-position":"center center","background-size":"auto","background-attachment":"scroll","background-type":"","background-media":"","overlay-type":"","overlay-color":"","overlay-opacity":"","overlay-gradient":""},"mobile":{"background-color":"var(--ast-global-color-5)","background-image":"","background-repeat":"repeat","background-position":"center center","background-size":"auto","background-attachment":"scroll","background-type":"","background-media":"","overlay-type":"","overlay-color":"","overlay-opacity":"","overlay-gradient":""}},"footnotes":""},"class_list":["post-15648","page","type-page","status-publish","has-post-thumbnail","hentry"],"acf":[],"yoast_head":"<!-- This site is optimized with the Yoast SEO plugin v27.3 - https:\/\/yoast.com\/product\/yoast-seo-wordpress\/ -->\n<title>Biblioteca | Polimoda Fashion School<\/title>\n<meta name=\"robots\" content=\"index, follow, max-snippet:-1, max-image-preview:large, max-video-preview:-1\" \/>\n<link rel=\"canonical\" href=\"https:\/\/www.polimoda.com\/it\/student-life\/facilities\/biblioteca\/\" \/>\n<meta property=\"og:locale\" content=\"it_IT\" \/>\n<meta property=\"og:type\" content=\"article\" \/>\n<meta property=\"og:title\" content=\"Biblioteca | Polimoda Fashion School\" \/>\n<meta property=\"og:description\" content=\"Situata nel Villa Campus a Firenze, la Biblioteca Polimoda &#8211; Centro di Documentazione Matteo Lanzoni ospita una vasta collezione di pubblicazioni di moda ed \u00e8 riconosciuta come una delle pi\u00f9 grandi biblioteche di moda in Europa. Sin dalla sua fondazione nel 1986, la Polimoda Library \u00e8 diventata un centro di conoscenza della moda. Con oltre [&hellip;]\" \/>\n<meta property=\"og:url\" content=\"https:\/\/www.polimoda.com\/it\/student-life\/facilities\/biblioteca\/\" \/>\n<meta property=\"og:site_name\" content=\"Polimoda Fashion School\" \/>\n<meta property=\"article:publisher\" content=\"https:\/\/www.facebook.com\/Polimoda\" \/>\n<meta property=\"article:modified_time\" content=\"2024-10-29T08:55:40+00:00\" \/>\n<meta property=\"og:image\" content=\"https:\/\/www.polimoda.com\/wp-content\/uploads\/2023\/05\/library-polimoda-2023.jpg\" \/>\n\t<meta property=\"og:image:width\" content=\"1920\" \/>\n\t<meta property=\"og:image:height\" content=\"1280\" \/>\n\t<meta property=\"og:image:type\" content=\"image\/jpeg\" \/>\n<meta name=\"twitter:card\" content=\"summary_large_image\" \/>\n<meta name=\"twitter:site\" content=\"@polimoda\" \/>\n<script type=\"application\/ld+json\" class=\"yoast-schema-graph\">{\"@context\":\"https:\\\/\\\/schema.org\",\"@graph\":[{\"@type\":\"WebPage\",\"@id\":\"https:\\\/\\\/www.polimoda.com\\\/it\\\/student-life\\\/facilities\\\/biblioteca\\\/\",\"url\":\"https:\\\/\\\/www.polimoda.com\\\/it\\\/student-life\\\/facilities\\\/biblioteca\\\/\",\"name\":\"Biblioteca | Polimoda Fashion School\",\"isPartOf\":{\"@id\":\"https:\\\/\\\/www.polimoda.com\\\/it\\\/#website\"},\"primaryImageOfPage\":{\"@id\":\"https:\\\/\\\/www.polimoda.com\\\/it\\\/student-life\\\/facilities\\\/biblioteca\\\/#primaryimage\"},\"image\":{\"@id\":\"https:\\\/\\\/www.polimoda.com\\\/it\\\/student-life\\\/facilities\\\/biblioteca\\\/#primaryimage\"},\"thumbnailUrl\":\"https:\\\/\\\/www.polimoda.com\\\/wp-content\\\/uploads\\\/2023\\\/05\\\/library-polimoda-2023.jpg\",\"datePublished\":\"2023-05-12T11:06:47+00:00\",\"dateModified\":\"2024-10-29T08:55:40+00:00\",\"breadcrumb\":{\"@id\":\"https:\\\/\\\/www.polimoda.com\\\/it\\\/student-life\\\/facilities\\\/biblioteca\\\/#breadcrumb\"},\"inLanguage\":\"it-IT\",\"potentialAction\":[{\"@type\":\"ReadAction\",\"target\":[\"https:\\\/\\\/www.polimoda.com\\\/it\\\/student-life\\\/facilities\\\/biblioteca\\\/\"]}]},{\"@type\":\"ImageObject\",\"inLanguage\":\"it-IT\",\"@id\":\"https:\\\/\\\/www.polimoda.com\\\/it\\\/student-life\\\/facilities\\\/biblioteca\\\/#primaryimage\",\"url\":\"https:\\\/\\\/www.polimoda.com\\\/wp-content\\\/uploads\\\/2023\\\/05\\\/library-polimoda-2023.jpg\",\"contentUrl\":\"https:\\\/\\\/www.polimoda.com\\\/wp-content\\\/uploads\\\/2023\\\/05\\\/library-polimoda-2023.jpg\",\"width\":1920,\"height\":1280},{\"@type\":\"BreadcrumbList\",\"@id\":\"https:\\\/\\\/www.polimoda.com\\\/it\\\/student-life\\\/facilities\\\/biblioteca\\\/#breadcrumb\",\"itemListElement\":[{\"@type\":\"ListItem\",\"position\":1,\"name\":\"Home\",\"item\":\"https:\\\/\\\/www.polimoda.com\\\/it\\\/\"},{\"@type\":\"ListItem\",\"position\":2,\"name\":\"Student life\",\"item\":\"https:\\\/\\\/www.polimoda.com\\\/it\\\/student-life\\\/\"},{\"@type\":\"ListItem\",\"position\":3,\"name\":\"Facilities\",\"item\":\"https:\\\/\\\/www.polimoda.com\\\/it\\\/student-life\\\/facilities\\\/\"},{\"@type\":\"ListItem\",\"position\":4,\"name\":\"Biblioteca\"}]},{\"@type\":\"WebSite\",\"@id\":\"https:\\\/\\\/www.polimoda.com\\\/it\\\/#website\",\"url\":\"https:\\\/\\\/www.polimoda.com\\\/it\\\/\",\"name\":\"Polimoda Fashion School\",\"description\":\"The Fashion School in Florence, Italy\",\"publisher\":{\"@id\":\"https:\\\/\\\/www.polimoda.com\\\/it\\\/#organization\"},\"alternateName\":\"Polimoda\",\"potentialAction\":[{\"@type\":\"SearchAction\",\"target\":{\"@type\":\"EntryPoint\",\"urlTemplate\":\"https:\\\/\\\/www.polimoda.com\\\/it\\\/?s={search_term_string}\"},\"query-input\":{\"@type\":\"PropertyValueSpecification\",\"valueRequired\":true,\"valueName\":\"search_term_string\"}}],\"inLanguage\":\"it-IT\"},{\"@type\":\"Organization\",\"@id\":\"https:\\\/\\\/www.polimoda.com\\\/it\\\/#organization\",\"name\":\"Polimoda Fashion School\",\"alternateName\":\"Polimoda\",\"url\":\"https:\\\/\\\/www.polimoda.com\\\/it\\\/\",\"logo\":{\"@type\":\"ImageObject\",\"inLanguage\":\"it-IT\",\"@id\":\"https:\\\/\\\/www.polimoda.com\\\/it\\\/#\\\/schema\\\/logo\\\/image\\\/\",\"url\":\"https:\\\/\\\/www.polimoda.com\\\/wp-content\\\/uploads\\\/2022\\\/07\\\/logo_polimoda.png\",\"contentUrl\":\"https:\\\/\\\/www.polimoda.com\\\/wp-content\\\/uploads\\\/2022\\\/07\\\/logo_polimoda.png\",\"width\":508,\"height\":132,\"caption\":\"Polimoda Fashion School\"},\"image\":{\"@id\":\"https:\\\/\\\/www.polimoda.com\\\/it\\\/#\\\/schema\\\/logo\\\/image\\\/\"},\"sameAs\":[\"https:\\\/\\\/www.facebook.com\\\/Polimoda\",\"https:\\\/\\\/x.com\\\/polimoda\",\"https:\\\/\\\/www.instagram.com\\\/polimodafirenze\",\"https:\\\/\\\/www.tiktok.com\\\/@polimoda\",\"https:\\\/\\\/open.spotify.com\\\/user\\\/qrqkduirz0hc5ta3wvbs4ikem?si=db886dfc1ff6482c\",\"https:\\\/\\\/www.youtube.com\\\/user\\\/polimodatube\",\"https:\\\/\\\/www.linkedin.com\\\/company\\\/polimoda\"]}]}<\/script>\n<!-- \/ Yoast SEO plugin. -->","yoast_head_json":{"title":"Biblioteca | Polimoda Fashion School","robots":{"index":"index","follow":"follow","max-snippet":"max-snippet:-1","max-image-preview":"max-image-preview:large","max-video-preview":"max-video-preview:-1"},"canonical":"https:\/\/www.polimoda.com\/it\/student-life\/facilities\/biblioteca\/","og_locale":"it_IT","og_type":"article","og_title":"Biblioteca | Polimoda Fashion School","og_description":"Situata nel Villa Campus a Firenze, la Biblioteca Polimoda &#8211; Centro di Documentazione Matteo Lanzoni ospita una vasta collezione di pubblicazioni di moda ed \u00e8 riconosciuta come una delle pi\u00f9 grandi biblioteche di moda in Europa. Sin dalla sua fondazione nel 1986, la Polimoda Library \u00e8 diventata un centro di conoscenza della moda. Con oltre [&hellip;]","og_url":"https:\/\/www.polimoda.com\/it\/student-life\/facilities\/biblioteca\/","og_site_name":"Polimoda Fashion School","article_publisher":"https:\/\/www.facebook.com\/Polimoda","article_modified_time":"2024-10-29T08:55:40+00:00","og_image":[{"width":1920,"height":1280,"url":"https:\/\/www.polimoda.com\/wp-content\/uploads\/2023\/05\/library-polimoda-2023.jpg","type":"image\/jpeg"}],"twitter_card":"summary_large_image","twitter_site":"@polimoda","schema":{"@context":"https:\/\/schema.org","@graph":[{"@type":"WebPage","@id":"https:\/\/www.polimoda.com\/it\/student-life\/facilities\/biblioteca\/","url":"https:\/\/www.polimoda.com\/it\/student-life\/facilities\/biblioteca\/","name":"Biblioteca | Polimoda Fashion School","isPartOf":{"@id":"https:\/\/www.polimoda.com\/it\/#website"},"primaryImageOfPage":{"@id":"https:\/\/www.polimoda.com\/it\/student-life\/facilities\/biblioteca\/#primaryimage"},"image":{"@id":"https:\/\/www.polimoda.com\/it\/student-life\/facilities\/biblioteca\/#primaryimage"},"thumbnailUrl":"https:\/\/www.polimoda.com\/wp-content\/uploads\/2023\/05\/library-polimoda-2023.jpg","datePublished":"2023-05-12T11:06:47+00:00","dateModified":"2024-10-29T08:55:40+00:00","breadcrumb":{"@id":"https:\/\/www.polimoda.com\/it\/student-life\/facilities\/biblioteca\/#breadcrumb"},"inLanguage":"it-IT","potentialAction":[{"@type":"ReadAction","target":["https:\/\/www.polimoda.com\/it\/student-life\/facilities\/biblioteca\/"]}]},{"@type":"ImageObject","inLanguage":"it-IT","@id":"https:\/\/www.polimoda.com\/it\/student-life\/facilities\/biblioteca\/#primaryimage","url":"https:\/\/www.polimoda.com\/wp-content\/uploads\/2023\/05\/library-polimoda-2023.jpg","contentUrl":"https:\/\/www.polimoda.com\/wp-content\/uploads\/2023\/05\/library-polimoda-2023.jpg","width":1920,"height":1280},{"@type":"BreadcrumbList","@id":"https:\/\/www.polimoda.com\/it\/student-life\/facilities\/biblioteca\/#breadcrumb","itemListElement":[{"@type":"ListItem","position":1,"name":"Home","item":"https:\/\/www.polimoda.com\/it\/"},{"@type":"ListItem","position":2,"name":"Student life","item":"https:\/\/www.polimoda.com\/it\/student-life\/"},{"@type":"ListItem","position":3,"name":"Facilities","item":"https:\/\/www.polimoda.com\/it\/student-life\/facilities\/"},{"@type":"ListItem","position":4,"name":"Biblioteca"}]},{"@type":"WebSite","@id":"https:\/\/www.polimoda.com\/it\/#website","url":"https:\/\/www.polimoda.com\/it\/","name":"Polimoda Fashion School","description":"The Fashion School in Florence, Italy","publisher":{"@id":"https:\/\/www.polimoda.com\/it\/#organization"},"alternateName":"Polimoda","potentialAction":[{"@type":"SearchAction","target":{"@type":"EntryPoint","urlTemplate":"https:\/\/www.polimoda.com\/it\/?s={search_term_string}"},"query-input":{"@type":"PropertyValueSpecification","valueRequired":true,"valueName":"search_term_string"}}],"inLanguage":"it-IT"},{"@type":"Organization","@id":"https:\/\/www.polimoda.com\/it\/#organization","name":"Polimoda Fashion School","alternateName":"Polimoda","url":"https:\/\/www.polimoda.com\/it\/","logo":{"@type":"ImageObject","inLanguage":"it-IT","@id":"https:\/\/www.polimoda.com\/it\/#\/schema\/logo\/image\/","url":"https:\/\/www.polimoda.com\/wp-content\/uploads\/2022\/07\/logo_polimoda.png","contentUrl":"https:\/\/www.polimoda.com\/wp-content\/uploads\/2022\/07\/logo_polimoda.png","width":508,"height":132,"caption":"Polimoda Fashion School"},"image":{"@id":"https:\/\/www.polimoda.com\/it\/#\/schema\/logo\/image\/"},"sameAs":["https:\/\/www.facebook.com\/Polimoda","https:\/\/x.com\/polimoda","https:\/\/www.instagram.com\/polimodafirenze","https:\/\/www.tiktok.com\/@polimoda","https:\/\/open.spotify.com\/user\/qrqkduirz0hc5ta3wvbs4ikem?si=db886dfc1ff6482c","https:\/\/www.youtube.com\/user\/polimodatube","https:\/\/www.linkedin.com\/company\/polimoda"]}]}},"_links":{"self":[{"href":"https:\/\/www.polimoda.com\/it\/wp-json\/wp\/v2\/pages\/15648","targetHints":{"allow":["GET"]}}],"collection":[{"href":"https:\/\/www.polimoda.com\/it\/wp-json\/wp\/v2\/pages"}],"about":[{"href":"https:\/\/www.polimoda.com\/it\/wp-json\/wp\/v2\/types\/page"}],"author":[{"embeddable":true,"href":"https:\/\/www.polimoda.com\/it\/wp-json\/wp\/v2\/users\/2"}],"replies":[{"embeddable":true,"href":"https:\/\/www.polimoda.com\/it\/wp-json\/wp\/v2\/comments?post=15648"}],"version-history":[{"count":10,"href":"https:\/\/www.polimoda.com\/it\/wp-json\/wp\/v2\/pages\/15648\/revisions"}],"predecessor-version":[{"id":36916,"href":"https:\/\/www.polimoda.com\/it\/wp-json\/wp\/v2\/pages\/15648\/revisions\/36916"}],"up":[{"embeddable":true,"href":"https:\/\/www.polimoda.com\/it\/wp-json\/wp\/v2\/pages\/15612"}],"wp:featuredmedia":[{"embeddable":true,"href":"https:\/\/www.polimoda.com\/it\/wp-json\/wp\/v2\/media\/15661"}],"wp:attachment":[{"href":"https:\/\/www.polimoda.com\/it\/wp-json\/wp\/v2\/media?parent=15648"}],"curies":[{"name":"wp","href":"https:\/\/api.w.org\/{rel}","templated":true}]}}